  
  {"id":454,"date":"2015-09-11T06:46:46","date_gmt":"2015-09-11T06:46:46","guid":{"rendered":"http:\/\/vierra.themenesia.com\/new\/?page_id=454"},"modified":"2021-09-30T16:40:58","modified_gmt":"2021-09-30T16:40:58","slug":"homepage-4","status":"publish","type":"page","link":"https:\/\/www.motelcerrobravo.com\/","title":{"rendered":"CB-Home 1"},"content":{"rendered":"\n<div class=\"wp-block-columns has-2-columns is-layout-flex wp-container-core-columns-is-layout-1 wp-block-columns-is-layout-flex\">\n<div class=\"wp-block-column is-layout-flow wp-block-column-is-layout-flow\">\n<figure class=\"wp-block-image\"><img loading=\"lazy\" decoding=\"async\" width=\"591\" height=\"690\" src=\"http:\/\/www.motelcerrobravo.com\/wp-content\/uploads\/2019\/02\/Logo-Cerro-Bravo-V.png\" alt=\"\" class=\"wp-image-859\"\/><\/figure>\n\n\n\n<h4 class=\"wp-block-heading\"><strong>Kilometro 1, Antigua Salida Aguachicha.<\/strong><\/h4>\n<\/div>\n\n\n\n<div class=\"wp-block-column is-layout-flow wp-block-column-is-layout-flow\">\n<h4 class=\"wp-block-heading\"><strong>Un Oasis en el Camino.<\/strong><\/h4>\n\n\n\n<p>Acomoda el ambiente a tu gusto, porque tambien tenemos: Aire Acondicionado, Ventilador, Equipo de Sonido, Emisora Local, Internet Wi\u2013Fi y Televisor con 4 Canales Cine X.<\/p>\n\n\n\n<p>Con nuestra Atenci\u00f3n por Citofono podras solicitar: Alimentos, Bebidas, Licores y Articulos de Aseo.<\/p>\n\n\n\n<p>Conjunto Privado con 13 Caba\u00f1as SUIT, todas iguales y dotadas con: Cama Doble,&nbsp;Kamazutra, Sala de Estar, Hamaca, Ducha y Parqueadero con port\u00f3n el\u00e9ctrico.&nbsp;<\/p>\n\n\n\n<p>Adicionalmente, ofrecemos 3 Caba\u00f1as MASTER, dotadas con: Camas 2&#215;2 mts, Patio con Jardin, Ducha Exterior, Zona de Baile Pole, servicio de JACUZZY opcional, y la posibilidad de Comunicar con puertas internas, as\u00ed los hu\u00e9spedes pueden moverse entre las Caba\u00f1as Master sin necesidad de salir, ideales para reuniones grandes y Despedidas de solteros.<\/p>\n\n\n\n<h4 class=\"wp-block-heading\"><strong>Tenemos la intimidad que buscas<\/strong><\/h4>\n\n\n\n<h4 class=\"wp-block-heading\"><strong> 24 Horas del dia, los 7 d\u00edas de la semana.<\/strong><\/h4>\n\n\n\n<hr class=\"wp-block-separator\"\/>\n\n\n\n<div class=\"wp-block-button aligncenter\"><a class=\"wp-block-button__link has-very-dark-gray-color has-luminous-vivid-orange-background-color has-text-color has-background\" href=\"http:\/\/www.motelcerrobravo.com\/?page_id=1487\" target=\"_blank\" rel=\"noreferrer noopener\">Detalles CABA\u00d1A MASTER<\/a><\/div>\n\n\n\n<hr class=\"wp-block-separator aligncenter is-style-dots\"\/>\n\n\n\n<div class=\"wp-block-button aligncenter\"><a class=\"wp-block-button__link has-very-dark-gray-color has-luminous-vivid-orange-background-color has-text-color has-background\" href=\"http:\/\/www.motelcerrobravo.com\/?page_id=1377\">Detalles CABA\u00d1A SUIT<\/a><\/div>\n\n\n\n<p class=\"has-text-align-center\">Alquiler de Caba\u00f1as a partir de 2 hrs en adelante.<\/p>\n<\/div>\n<\/div>\n\n\n\n<hr class=\"wp-block-separator\"\/>\n\n\n<div>\n<div class=\"col-md-12\"><div class=\"de_divider none\"><span><\/span><\/div><\/div>\n<\/div>\n<h3 class=\"de_title\"><span>GALER\u00cdA DE FOTOS<\/span><\/h3><br>  <div class=\"row\">\r\n  <ul id=\"gallery\" class=\"pf_gallery gallery\">\r\n                    \r\n        \t  <li class=\" box gallery-item  decoracion\">\r\n                <div class=\"pic_hover\">\r\n                \t\t\t\t\t\t\t\t\t\t\t\t<a class=\"image image-popup-gallery\" href=\"https:\/\/www.motelcerrobravo.com\/wp-content\/uploads\/2021\/09\/x_TES1684.jpg\" title=\"DECORACION ESPECIAL 2\">\r\n\t\t\t\t\t\t\t<span class=\"overlay\"><\/span><img loading=\"lazy\" decoding=\"async\" width=\"300\" height=\"225\" src=\"https:\/\/www.motelcerrobravo.com\/wp-content\/uploads\/2021\/09\/x_TES1684-300x225.jpg\" class=\"attachment-medium size-medium wp-post-image\" alt=\"\" srcset=\"https:\/\/www.motelcerrobravo.com\/wp-content\/uploads\/2021\/09\/x_TES1684-300x225.jpg 300w, https:\/\/www.motelcerrobravo.com\/wp-content\/uploads\/2021\/09\/x_TES1684-1024x767.jpg 1024w, https:\/\/www.motelcerrobravo.com\/wp-content\/uploads\/2021\/09\/x_TES1684-768x575.jpg 768w, https:\/\/www.motelcerrobravo.com\/wp-content\/uploads\/2021\/09\/x_TES1684-1536x1151.jpg 1536w, https:\/\/www.motelcerrobravo.com\/wp-content\/uploads\/2021\/09\/x_TES1684-400x300.jpg 400w, https:\/\/www.motelcerrobravo.com\/wp-content\/uploads\/2021\/09\/x_TES1684-640x480.jpg 640w, https:\/\/www.motelcerrobravo.com\/wp-content\/uploads\/2021\/09\/x_TES1684-1x1.jpg 1w, https:\/\/www.motelcerrobravo.com\/wp-content\/uploads\/2021\/09\/x_TES1684.jpg 1574w\" sizes=\"(max-width: 300px) 100vw, 300px\" \/>\t\t\t\t\t\t<\/a>\r\n\t\t\t\t\t\t\t\t\t\t\r\n\t\t\t\t\t\t\t\t\t\t\r\n                <\/div>            \r\n           \t\t  <div class=\"clear\"><\/div>\r\n              <\/li>\r\n                    \r\n        \t  <li class=\" box gallery-item  decoracion\">\r\n                <div class=\"pic_hover\">\r\n                \t\t\t\t\t\t\t\t\t\t\t\t<a class=\"image image-popup-gallery\" href=\"https:\/\/www.motelcerrobravo.com\/wp-content\/uploads\/2021\/09\/x_TES1683.jpg\" title=\"DECORACION ESPECIAL 1\">\r\n\t\t\t\t\t\t\t<span class=\"overlay\"><\/span><img loading=\"lazy\" decoding=\"async\" width=\"300\" height=\"195\" src=\"https:\/\/www.motelcerrobravo.com\/wp-content\/uploads\/2021\/09\/x_TES1683-300x195.jpg\" class=\"attachment-medium size-medium wp-post-image\" alt=\"\" srcset=\"https:\/\/www.motelcerrobravo.com\/wp-content\/uploads\/2021\/09\/x_TES1683-300x195.jpg 300w, https:\/\/www.motelcerrobravo.com\/wp-content\/uploads\/2021\/09\/x_TES1683-1024x665.jpg 1024w, https:\/\/www.motelcerrobravo.com\/wp-content\/uploads\/2021\/09\/x_TES1683-768x498.jpg 768w, https:\/\/www.motelcerrobravo.com\/wp-content\/uploads\/2021\/09\/x_TES1683-2x1.jpg 2w, https:\/\/www.motelcerrobravo.com\/wp-content\/uploads\/2021\/09\/x_TES1683.jpg 1527w\" sizes=\"(max-width: 300px) 100vw, 300px\" \/>\t\t\t\t\t\t<\/a>\r\n\t\t\t\t\t\t\t\t\t\t\r\n\t\t\t\t\t\t\t\t\t\t\r\n                <\/div>            \r\n           \t\t  <div class=\"clear\"><\/div>\r\n              <\/li>\r\n                    \r\n        \t  <li class=\" box gallery-item  motel\">\r\n                <div class=\"pic_hover\">\r\n                \t\t\t\t\t\t\t\t\t\t\t\t<a class=\"image image-popup-gallery\" href=\"https:\/\/www.motelcerrobravo.com\/wp-content\/uploads\/2021\/09\/x_TES4603.jpg\" title=\"Conjunto Motel 4 CERRO BRAVO\">\r\n\t\t\t\t\t\t\t<span class=\"overlay\"><\/span><img loading=\"lazy\" decoding=\"async\" width=\"300\" height=\"213\" src=\"https:\/\/www.motelcerrobravo.com\/wp-content\/uploads\/2021\/09\/x_TES4603-300x213.jpg\" class=\"attachment-medium size-medium wp-post-image\" alt=\"\" srcset=\"https:\/\/www.motelcerrobravo.com\/wp-content\/uploads\/2021\/09\/x_TES4603-300x213.jpg 300w, https:\/\/www.motelcerrobravo.com\/wp-content\/uploads\/2021\/09\/x_TES4603-1024x726.jpg 1024w, https:\/\/www.motelcerrobravo.com\/wp-content\/uploads\/2021\/09\/x_TES4603-768x544.jpg 768w, https:\/\/www.motelcerrobravo.com\/wp-content\/uploads\/2021\/09\/x_TES4603-1536x1089.jpg 1536w, https:\/\/www.motelcerrobravo.com\/wp-content\/uploads\/2021\/09\/x_TES4603-1x1.jpg 1w, https:\/\/www.motelcerrobravo.com\/wp-content\/uploads\/2021\/09\/x_TES4603.jpg 1600w\" sizes=\"(max-width: 300px) 100vw, 300px\" \/>\t\t\t\t\t\t<\/a>\r\n\t\t\t\t\t\t\t\t\t\t\r\n\t\t\t\t\t\t\t\t\t\t\r\n                <\/div>            \r\n           \t\t  <div class=\"clear\"><\/div>\r\n              <\/li>\r\n                    \r\n        \t  <li class=\" box gallery-item  motel\">\r\n                <div class=\"pic_hover\">\r\n                \t\t\t\t\t\t\t\t\t\t\t\t<a class=\"image image-popup-gallery\" href=\"https:\/\/www.motelcerrobravo.com\/wp-content\/uploads\/2021\/09\/x_TES4602.jpg\" title=\"Conjunto Motel 3 CERRO BRAVO\">\r\n\t\t\t\t\t\t\t<span class=\"overlay\"><\/span><img loading=\"lazy\" decoding=\"async\" width=\"300\" height=\"103\" src=\"https:\/\/www.motelcerrobravo.com\/wp-content\/uploads\/2021\/09\/x_TES4602-300x103.jpg\" class=\"attachment-medium size-medium wp-post-image\" alt=\"\" srcset=\"https:\/\/www.motelcerrobravo.com\/wp-content\/uploads\/2021\/09\/x_TES4602-300x103.jpg 300w, https:\/\/www.motelcerrobravo.com\/wp-content\/uploads\/2021\/09\/x_TES4602-1024x352.jpg 1024w, https:\/\/www.motelcerrobravo.com\/wp-content\/uploads\/2021\/09\/x_TES4602-768x264.jpg 768w, https:\/\/www.motelcerrobravo.com\/wp-content\/uploads\/2021\/09\/x_TES4602-1536x529.jpg 1536w, https:\/\/www.motelcerrobravo.com\/wp-content\/uploads\/2021\/09\/x_TES4602-2048x705.jpg 2048w, https:\/\/www.motelcerrobravo.com\/wp-content\/uploads\/2021\/09\/x_TES4602-3x1.jpg 3w\" sizes=\"(max-width: 300px) 100vw, 300px\" \/>\t\t\t\t\t\t<\/a>\r\n\t\t\t\t\t\t\t\t\t\t\r\n\t\t\t\t\t\t\t\t\t\t\r\n                <\/div>            \r\n           \t\t  <div class=\"clear\"><\/div>\r\n              <\/li>\r\n                    \r\n        \t  <li class=\" box gallery-item  motel\">\r\n                <div class=\"pic_hover\">\r\n                \t\t\t\t\t\t\t\t\t\t\t\t<a class=\"image image-popup-gallery\" href=\"https:\/\/www.motelcerrobravo.com\/wp-content\/uploads\/2021\/09\/x_TES4601.jpg\" title=\"Conjunto Motel 2 CERRO BRAVO\">\r\n\t\t\t\t\t\t\t<span class=\"overlay\"><\/span><img loading=\"lazy\" decoding=\"async\" width=\"300\" height=\"91\" src=\"https:\/\/www.motelcerrobravo.com\/wp-content\/uploads\/2021\/09\/x_TES4601-300x91.jpg\" class=\"attachment-medium size-medium wp-post-image\" alt=\"\" srcset=\"https:\/\/www.motelcerrobravo.com\/wp-content\/uploads\/2021\/09\/x_TES4601-300x91.jpg 300w, https:\/\/www.motelcerrobravo.com\/wp-content\/uploads\/2021\/09\/x_TES4601-1024x310.jpg 1024w, https:\/\/www.motelcerrobravo.com\/wp-content\/uploads\/2021\/09\/x_TES4601-768x232.jpg 768w, https:\/\/www.motelcerrobravo.com\/wp-content\/uploads\/2021\/09\/x_TES4601-1536x465.jpg 1536w, https:\/\/www.motelcerrobravo.com\/wp-content\/uploads\/2021\/09\/x_TES4601-3x1.jpg 3w, https:\/\/www.motelcerrobravo.com\/wp-content\/uploads\/2021\/09\/x_TES4601.jpg 2000w\" sizes=\"(max-width: 300px) 100vw, 300px\" \/>\t\t\t\t\t\t<\/a>\r\n\t\t\t\t\t\t\t\t\t\t\r\n\t\t\t\t\t\t\t\t\t\t\r\n                <\/div>            \r\n           \t\t  <div class=\"clear\"><\/div>\r\n              <\/li>\r\n                    \r\n        \t  <li class=\" box gallery-item  master\">\r\n                <div class=\"pic_hover\">\r\n                \t\t\t\t\t\t\t\t\t\t\t\t<a class=\"image image-popup-gallery\" href=\"https:\/\/www.motelcerrobravo.com\/wp-content\/uploads\/2021\/09\/x_TES4494.jpg\" title=\"Jacuzzy MASTER 2c\">\r\n\t\t\t\t\t\t\t<span class=\"overlay\"><\/span><img loading=\"lazy\" decoding=\"async\" width=\"300\" height=\"170\" src=\"https:\/\/www.motelcerrobravo.com\/wp-content\/uploads\/2021\/09\/x_TES4494-300x170.jpg\" class=\"attachment-medium size-medium wp-post-image\" alt=\"\" srcset=\"https:\/\/www.motelcerrobravo.com\/wp-content\/uploads\/2021\/09\/x_TES4494-300x170.jpg 300w, https:\/\/www.motelcerrobravo.com\/wp-content\/uploads\/2021\/09\/x_TES4494-1024x580.jpg 1024w, https:\/\/www.motelcerrobravo.com\/wp-content\/uploads\/2021\/09\/x_TES4494-768x435.jpg 768w, https:\/\/www.motelcerrobravo.com\/wp-content\/uploads\/2021\/09\/x_TES4494-1536x870.jpg 1536w, https:\/\/www.motelcerrobravo.com\/wp-content\/uploads\/2021\/09\/x_TES4494-2x1.jpg 2w, https:\/\/www.motelcerrobravo.com\/wp-content\/uploads\/2021\/09\/x_TES4494.jpg 1600w\" sizes=\"(max-width: 300px) 100vw, 300px\" \/>\t\t\t\t\t\t<\/a>\r\n\t\t\t\t\t\t\t\t\t\t\r\n\t\t\t\t\t\t\t\t\t\t\r\n                <\/div>            \r\n           \t\t  <div class=\"clear\"><\/div>\r\n              <\/li>\r\n                    \r\n        \t  <li class=\" box gallery-item  master\">\r\n                <div class=\"pic_hover\">\r\n                \t\t\t\t\t\t\t\t\t\t\t\t<a class=\"image image-popup-gallery\" href=\"https:\/\/www.motelcerrobravo.com\/wp-content\/uploads\/2021\/09\/x_TES4495.jpg\" title=\"Jacuzzy MASTER 2b\">\r\n\t\t\t\t\t\t\t<span class=\"overlay\"><\/span><img loading=\"lazy\" decoding=\"async\" width=\"300\" height=\"137\" src=\"https:\/\/www.motelcerrobravo.com\/wp-content\/uploads\/2021\/09\/x_TES4495-300x137.jpg\" class=\"attachment-medium size-medium wp-post-image\" alt=\"\" srcset=\"https:\/\/www.motelcerrobravo.com\/wp-content\/uploads\/2021\/09\/x_TES4495-300x137.jpg 300w, https:\/\/www.motelcerrobravo.com\/wp-content\/uploads\/2021\/09\/x_TES4495-1024x467.jpg 1024w, https:\/\/www.motelcerrobravo.com\/wp-content\/uploads\/2021\/09\/x_TES4495-768x350.jpg 768w, https:\/\/www.motelcerrobravo.com\/wp-content\/uploads\/2021\/09\/x_TES4495-1536x701.jpg 1536w, https:\/\/www.motelcerrobravo.com\/wp-content\/uploads\/2021\/09\/x_TES4495-2x1.jpg 2w, https:\/\/www.motelcerrobravo.com\/wp-content\/uploads\/2021\/09\/x_TES4495.jpg 1600w\" sizes=\"(max-width: 300px) 100vw, 300px\" \/>\t\t\t\t\t\t<\/a>\r\n\t\t\t\t\t\t\t\t\t\t\r\n\t\t\t\t\t\t\t\t\t\t\r\n                <\/div>            \r\n           \t\t  <div class=\"clear\"><\/div>\r\n              <\/li>\r\n               \t\r\n        <\/ul>\r\n\t\t<\/div>\r\n  \t\t<div class=\"clearfix\"><\/div>\r\n\t<\/p>\n<div>\n<div><div class=\"col-md-12\"><div class=\"de_divider none\"><span><\/span><\/div><\/div><\/div>\n<div>&nbsp;<\/div>\n<\/div>\n\n\n<div class=\"wp-block-buttons is-content-justification-center is-layout-flex wp-block-buttons-is-layout-flex\">\n<div class=\"wp-block-button\"><a class=\"wp-block-button__link\" href=\"http:\/\/www.motelcerrobravo.com\/?page_id=739\">VER TODA LA GALER\u00cdA DE FOTOS<\/a><\/div>\n<\/div>\n\n\n\n<hr class=\"wp-block-separator\"\/>\n\n\n<div>\n<div class=\"col-md-12\"><div class=\"de_divider none\"><span><\/span><\/div><\/div>\n<\/div>\n<h3 class=\"de_title\"><span>NUESTROS SERVICIOS EN TODAS LAS CABA\u00d1AS<\/span><\/h3>\n<div class=\"col-md-3\"> <div class=\"featured\"><h4 class=\"f_title\">Caba\u00f1as Individuales<\/h4><img decoding=\"async\" src=\"http:\/\/www.motelcerrobravo.com\/wp-content\/uploads\/2019\/02\/Caba\u00f1as-Individuales.png\" class=\"img-responsive\"><\/div> <\/div>\n<div class=\"col-md-3\"> <div class=\"featured\"><h4 class=\"f_title\">Abierto 24 horas \/ 7 Dias<\/h4><img decoding=\"async\" src=\"http:\/\/www.motelcerrobravo.com\/wp-content\/uploads\/2019\/02\/Atenci\u00f3n-24-7.png\" class=\"img-responsive\"><\/div> <\/div>\n<div class=\"col-md-3\"> <div class=\"featured\"><h4 class=\"f_title\">Atenci\u00f3n por Citofono<\/h4><img decoding=\"async\" src=\"http:\/\/www.motelcerrobravo.com\/wp-content\/uploads\/2019\/02\/Servico-Citofono.png\" class=\"img-responsive\"><\/div> <\/div>\n<div class=\"col-md-3\"> <div class=\"featured\"><h4 class=\"f_title\">Alimentos y Licores<\/h4><img decoding=\"async\" src=\"http:\/\/www.motelcerrobravo.com\/wp-content\/uploads\/2019\/02\/Alimentos-Bebidas.png\" class=\"img-responsive\"><\/div> <\/div>\n<div class=\"col-md-12\"><div class=\"de_divider none\"><span><\/span><\/div><\/div>\n<div class=\"col-md-3\"> <div class=\"featured\"><h4 class=\"f_title\">Parqueadero<\/h4><img decoding=\"async\" src=\"http:\/\/www.motelcerrobravo.com\/wp-content\/uploads\/2019\/02\/Parqueadero.png\" class=\"img-responsive\"><\/div> <\/div>\n<div class=\"col-md-3\"> <div class=\"featured\"><h4 class=\"f_title\">Port\u00f3n El\u00e9ctrico<\/h4><img decoding=\"async\" src=\"http:\/\/www.motelcerrobravo.com\/wp-content\/uploads\/2021\/09\/Porton-Electrico.png\" class=\"img-responsive\"><\/div> <\/div>\n<div class=\"col-md-3\"> <div class=\"featured\"><h4 class=\"f_title\">Aire Acondicionado<\/h4><img decoding=\"async\" src=\"http:\/\/www.motelcerrobravo.com\/wp-content\/uploads\/2019\/02\/Aire-Acondicionado.png\" class=\"img-responsive\"><\/div> <\/div>\n<div class=\"col-md-3\"> <div class=\"featured\"><h4 class=\"f_title\">Ventilador<\/h4><img decoding=\"async\" src=\"http:\/\/www.motelcerrobravo.com\/wp-content\/uploads\/2019\/02\/Ventilador.png\" class=\"img-responsive\"><\/div> <\/div>\n<div class=\"col-md-12\"><div class=\"de_divider none\"><span><\/span><\/div><\/div>\n<div class=\"col-md-3\"> <div class=\"featured\"><h4 class=\"f_title\">TV &#8211; 4 Canales Cine X<\/h4><img decoding=\"async\" src=\"http:\/\/www.motelcerrobravo.com\/wp-content\/uploads\/2019\/02\/TV-4-canales-x.png\" class=\"img-responsive\"><\/div> <\/div>\n<div class=\"col-md-3\"> <div class=\"featured\"><h4 class=\"f_title\">Emisora Local<\/h4><img decoding=\"async\" src=\"http:\/\/www.motelcerrobravo.com\/wp-content\/uploads\/2019\/02\/Emisora-Local.png\" class=\"img-responsive\"><\/div> <\/div>\n<div class=\"col-md-3\"> <div class=\"featured\"><h4 class=\"f_title\">Equipo de Sonido<\/h4><img decoding=\"async\" src=\"http:\/\/www.motelcerrobravo.com\/wp-content\/uploads\/2019\/02\/Equipo-Sonido.png\" class=\"img-responsive\"><\/div> <\/div>\n<div class=\"col-md-3\"> <div class=\"featured\"><h4 class=\"f_title\">Wi\u2013 Fi<\/h4><img decoding=\"async\" src=\"http:\/\/www.motelcerrobravo.com\/wp-content\/uploads\/2019\/02\/Wi-Fi.png\" class=\"img-responsive\"><\/div> <\/div>\n<div class=\"col-md-12\"><div class=\"de_divider none\"><span><\/span><\/div><\/div>\n<div class=\"col-md-3\"> <div class=\"featured\"><h4 class=\"f_title\">Ducha<\/h4><img decoding=\"async\" src=\"http:\/\/www.motelcerrobravo.com\/wp-content\/uploads\/2021\/09\/Ducha.png\" class=\"img-responsive\"><\/div> <\/div>\n<div class=\"col-md-3\"> <div class=\"featured\"><h4 class=\"f_title\">Hamaca<\/h4><img decoding=\"async\" src=\"http:\/\/www.motelcerrobravo.com\/wp-content\/uploads\/2019\/02\/Hamaca.png\" class=\"img-responsive\"><\/div> <\/div>\n<div class=\"col-md-3\"> <div class=\"featured\"><h4 class=\"f_title\">Kamazutra<\/h4><img decoding=\"async\" src=\"http:\/\/www.motelcerrobravo.com\/wp-content\/uploads\/2021\/09\/Kamasutra.png\" class=\"img-responsive\"><\/div> <\/div>\n<div class=\"col-md-3\"> <div class=\"featured\"><h4 class=\"f_title\">Sala de Estar<\/h4><img decoding=\"async\" src=\"http:\/\/www.motelcerrobravo.com\/wp-content\/uploads\/2019\/02\/Sala-Estar.png\" class=\"img-responsive\"><\/div> <\/div>\n<div class=\"col-md-12\"><div class=\"de_divider none\"><span><\/span><\/div><\/div>\n<div class=\"col-md-3\"> <div class=\"featured\"><h4 class=\"f_title\">Decoraci\u00f3n D\u00edas Especiales<\/h4><img decoding=\"async\" src=\"http:\/\/www.motelcerrobravo.com\/wp-content\/uploads\/2019\/02\/Decorachon-fechas-especiales.png\" class=\"img-responsive\"><\/div> <\/div>\n<div class=\"col-md-12\"><div class=\"de_divider none\"><span><\/span><\/div><\/div>\n\n\n<figure class=\"wp-block-image size-full\"><img loading=\"lazy\" decoding=\"async\" width=\"109\" height=\"165\" src=\"http:\/\/www.motelcerrobravo.com\/wp-content\/uploads\/2019\/03\/mapa-pin-b-1.png\" alt=\"\" class=\"wp-image-998\"\/><\/figure>\n\n\n\n<hr class=\"wp-block-separator\"\/>\n\n\n\n<hr class=\"wp-block-separator\"\/>\n\n\n<div>\n<div class=\"col-md-12\"><div class=\"de_divider none\"><span><\/span><\/div><\/div>\n<\/div>\n<h3 class=\"de_title\"><span>SERVICIOS ADICIONALES EN LAS CABA\u00d1AS MASTER<\/span><\/h3>\n<div class=\"col-md-3\"> <div class=\"featured\"><h4 class=\"f_title\">Cama 2 x 2 mts<\/h4><img decoding=\"async\" src=\"http:\/\/www.motelcerrobravo.com\/wp-content\/uploads\/2021\/09\/Cama.png\" class=\"img-responsive\"><\/div> <\/div>\n<div class=\"col-md-3\"> <div class=\"featured\"><h4 class=\"f_title\">Jacuzzi<\/h4><img decoding=\"async\" src=\"http:\/\/www.motelcerrobravo.com\/wp-content\/uploads\/2019\/02\/Jacuzzi.png\" class=\"img-responsive\"><\/div> <\/div>\n<div class=\"col-md-3\"> <div class=\"featured\"><h4 class=\"f_title\">Patio con Jardin<\/h4><img decoding=\"async\" src=\"http:\/\/www.motelcerrobravo.com\/wp-content\/uploads\/2021\/09\/Jardin.png\" class=\"img-responsive\"><\/div> <\/div>\n<div class=\"col-md-3\"> <div class=\"featured\"><h4 class=\"f_title\">Ducha al Aire<\/h4><img decoding=\"async\" src=\"http:\/\/www.motelcerrobravo.com\/wp-content\/uploads\/2021\/09\/Ducha-Aire.png\" class=\"img-responsive\"><\/div> <\/div>\n<div class=\"col-md-12\"><div class=\"de_divider none\"><span><\/span><\/div><\/div>\n<div class=\"col-md-3\"> <div class=\"featured\"><h4 class=\"f_title\">Zona Baile Pole<\/h4><img decoding=\"async\" src=\"http:\/\/www.motelcerrobravo.com\/wp-content\/uploads\/2021\/09\/Pole.png\" class=\"img-responsive\"><\/div> <\/div>\n<div class=\"col-md-3\"> <div class=\"featured\"><h4 class=\"f_title\">Posibilidad de Caba\u00f1as Comunicadas<\/h4><img decoding=\"async\" src=\"http:\/\/www.motelcerrobravo.com\/wp-content\/uploads\/2021\/09\/Contiguo.png\" class=\"img-responsive\"><\/div> <\/div>\n<p><\/p>\n\n\n<hr class=\"wp-block-separator\"\/>\n\n\n\n<div class=\"wp-block-buttons is-layout-flex wp-block-buttons-is-layout-flex\"><\/div>\n\n\n\n<p><\/p>\n","protected":false},"excerpt":{"rendered":"<p>Kilometro 1, Antigua Salida Aguachicha. Un Oasis en el Camino. Acomoda el ambiente a tu gusto, porque tambien tenemos: Aire Acondicionado, Ventilador, Equipo de Sonido, Emisora Local, Internet Wi\u2013Fi y Televisor con 4 Canales Cine X. Con nuestra Atenci\u00f3n por Citofono podras solicitar: Alimentos, Bebidas, Licores y Articulos de Aseo. Conjunto Privado con 13 Caba\u00f1as [&hellip;]<\/p>\n","protected":false},"author":1,"featured_media":0,"parent":0,"menu_order":0,"comment_status":"closed","ping_status":"closed","template":"page_slider_extended.php","meta":{"_monsterinsights_skip_tracking":false,"_monsterinsights_sitenote_active":false,"_monsterinsights_sitenote_note":"","_monsterinsights_sitenote_category":0,"footnotes":""},"aioseo_notices":[],"_links":{"self":[{"href":"https:\/\/www.motelcerrobravo.com\/index.php?rest_route=\/wp\/v2\/pages\/454"}],"collection":[{"href":"https:\/\/www.motelcerrobravo.com\/index.php?rest_route=\/wp\/v2\/pages"}],"about":[{"href":"https:\/\/www.motelcerrobravo.com\/index.php?rest_route=\/wp\/v2\/types\/page"}],"author":[{"embeddable":true,"href":"https:\/\/www.motelcerrobravo.com\/index.php?rest_route=\/wp\/v2\/users\/1"}],"replies":[{"embeddable":true,"href":"https:\/\/www.motelcerrobravo.com\/index.php?rest_route=%2Fwp%2Fv2%2Fcomments&post=454"}],"version-history":[{"count":197,"href":"https:\/\/www.motelcerrobravo.com\/index.php?rest_route=\/wp\/v2\/pages\/454\/revisions"}],"predecessor-version":[{"id":1689,"href":"https:\/\/www.motelcerrobravo.com\/index.php?rest_route=\/wp\/v2\/pages\/454\/revisions\/1689"}],"wp:attachment":[{"href":"https:\/\/www.motelcerrobravo.com\/index.php?rest_route=%2Fwp%2Fv2%2Fmedia&parent=454"}],"curies":[{"name":"wp","href":"https:\/\/api.w.org\/{rel}","templated":true}]}}