  
    
  {"id":406,"date":"2015-09-08T08:22:20","date_gmt":"2015-09-08T08:22:20","guid":{"rendered":"http:\/\/vierra.themenesia.com\/new\/?page_id=406"},"modified":"2019-03-14T22:15:10","modified_gmt":"2019-03-14T22:15:10","slug":"homepage-5","status":"publish","type":"page","link":"https:\/\/www.motelcerrobravo.com\/?page_id=406","title":{"rendered":"CB-Home 2"},"content":{"rendered":"<h3 class=\"de_title\"><span>CABA\u00d1AS &#8211; HABITACIONES<\/span><\/h3>\n<div class=\"col-md-6\">\n<p>Motel CERRO BRAVO es un Oasis en el Camino, ubicado en el Kilometro 1, Antigua Salida Aguachicha.<\/p>\n<p>Dentro de nuestro conjunto privado contamos con 10 Caba\u00f1as \u2013 Habitaciones, dotadas con: Cama Doble, Kamazutra, Sala de Estar, Hamaca, Jacuzzi, Ducha y Parqueadero con port\u00f3n el\u00e9ctrico.<\/p>\n<p>Puedes acomodar el ambiente a tu gusto, porque tambien tenemos: Aire Acondicionado, Ventilador, Equipo de Sonido, Emisora Local, Internet Wi\u2013Fi y Televisor con 4 Canales Cine X.<\/p>\n<p>Con nuestra Atenci\u00f3n por Citofono podras solicitar: Alimentos, Bebidas, Licores y Articulos de Aseo.<\/p>\n<\/div>\n<div class=\"col-md-6\">\n<div>\n<div>\n<p>Para mejorar tu experiencia contamos con DECORACI\u00d3N PARA D\u00cdA ESPECIAL, adecuando la caba\u00f1a con flores, camino de p\u00e9talos, botella de champa\u00f1a, Torta Fr\u00eda (tipo helado) y arreglos decorativos.<\/p>\n<p>Puedes solicitar este servicio haciendo Reserva llamando al 318 6909606.<\/p>\n<\/div>\n<div><\/div><\/div>\n<\/div>\n<div>\n<div>\n<div>\n<div><\/div>\n<div><div class=\"col-md-12\"><div class=\"de_divider div-dotted\"><span><\/span><\/div><\/div><\/div>\n<div><div class=\"col-md-12\"><div class=\"de_divider none\"><span><\/span><\/div><\/div><\/div>\n<\/div>\n<\/div>\n  <div class=\"row room-list sc gallery\">\r\n               \t\r\n       <\/div>\r\n  \t\t<div class=\"clearfix\"><\/div>\r\n\t\n<div class=\"col-md-12\"><div class=\"de_divider div-dotted\"><span><\/span><\/div><\/div>\n<p><div class=\"col-md-12\"><div class=\"de_divider none\"><span><\/span><\/div><\/div><br \/>\n<h3 class=\"de_title\"><span>GALER\u00cdA DE FOTOS<\/span><\/h3>\n  <div class=\"row\">\r\n  <ul id=\"gallery\" class=\"pf_gallery gallery\">\r\n                    \r\n        \t  <li class=\" box gallery-item  decoracion\">\r\n                <div class=\"pic_hover\">\r\n                \t\t\t\t\t\t\t\t\t\t\t\t<a class=\"image image-popup-gallery\" href=\"https:\/\/www.motelcerrobravo.com\/wp-content\/uploads\/2021\/09\/x_TES1684.jpg\" title=\"DECORACION ESPECIAL 2\">\r\n\t\t\t\t\t\t\t<span class=\"overlay\"><\/span><img loading=\"lazy\" decoding=\"async\" width=\"300\" height=\"225\" src=\"https:\/\/www.motelcerrobravo.com\/wp-content\/uploads\/2021\/09\/x_TES1684-300x225.jpg\" class=\"attachment-medium size-medium wp-post-image\" alt=\"\" srcset=\"https:\/\/www.motelcerrobravo.com\/wp-content\/uploads\/2021\/09\/x_TES1684-300x225.jpg 300w, https:\/\/www.motelcerrobravo.com\/wp-content\/uploads\/2021\/09\/x_TES1684-1024x767.jpg 1024w, https:\/\/www.motelcerrobravo.com\/wp-content\/uploads\/2021\/09\/x_TES1684-768x575.jpg 768w, https:\/\/www.motelcerrobravo.com\/wp-content\/uploads\/2021\/09\/x_TES1684-1536x1151.jpg 1536w, https:\/\/www.motelcerrobravo.com\/wp-content\/uploads\/2021\/09\/x_TES1684-400x300.jpg 400w, https:\/\/www.motelcerrobravo.com\/wp-content\/uploads\/2021\/09\/x_TES1684-640x480.jpg 640w, https:\/\/www.motelcerrobravo.com\/wp-content\/uploads\/2021\/09\/x_TES1684-1x1.jpg 1w, https:\/\/www.motelcerrobravo.com\/wp-content\/uploads\/2021\/09\/x_TES1684.jpg 1574w\" sizes=\"(max-width: 300px) 100vw, 300px\" \/>\t\t\t\t\t\t<\/a>\r\n\t\t\t\t\t\t\t\t\t\t\r\n\t\t\t\t\t\t\t\t\t\t\r\n                <\/div>            \r\n           \t\t  <div class=\"clear\"><\/div>\r\n              <\/li>\r\n                    \r\n        \t  <li class=\" box gallery-item  decoracion\">\r\n                <div class=\"pic_hover\">\r\n                \t\t\t\t\t\t\t\t\t\t\t\t<a class=\"image image-popup-gallery\" href=\"https:\/\/www.motelcerrobravo.com\/wp-content\/uploads\/2021\/09\/x_TES1683.jpg\" title=\"DECORACION ESPECIAL 1\">\r\n\t\t\t\t\t\t\t<span class=\"overlay\"><\/span><img loading=\"lazy\" decoding=\"async\" width=\"300\" height=\"195\" src=\"https:\/\/www.motelcerrobravo.com\/wp-content\/uploads\/2021\/09\/x_TES1683-300x195.jpg\" class=\"attachment-medium size-medium wp-post-image\" alt=\"\" srcset=\"https:\/\/www.motelcerrobravo.com\/wp-content\/uploads\/2021\/09\/x_TES1683-300x195.jpg 300w, https:\/\/www.motelcerrobravo.com\/wp-content\/uploads\/2021\/09\/x_TES1683-1024x665.jpg 1024w, https:\/\/www.motelcerrobravo.com\/wp-content\/uploads\/2021\/09\/x_TES1683-768x498.jpg 768w, https:\/\/www.motelcerrobravo.com\/wp-content\/uploads\/2021\/09\/x_TES1683-2x1.jpg 2w, https:\/\/www.motelcerrobravo.com\/wp-content\/uploads\/2021\/09\/x_TES1683.jpg 1527w\" sizes=\"(max-width: 300px) 100vw, 300px\" \/>\t\t\t\t\t\t<\/a>\r\n\t\t\t\t\t\t\t\t\t\t\r\n\t\t\t\t\t\t\t\t\t\t\r\n                <\/div>            \r\n           \t\t  <div class=\"clear\"><\/div>\r\n              <\/li>\r\n                    \r\n        \t  <li class=\" box gallery-item  motel\">\r\n                <div class=\"pic_hover\">\r\n                \t\t\t\t\t\t\t\t\t\t\t\t<a class=\"image image-popup-gallery\" href=\"https:\/\/www.motelcerrobravo.com\/wp-content\/uploads\/2021\/09\/x_TES4603.jpg\" title=\"Conjunto Motel 4 CERRO BRAVO\">\r\n\t\t\t\t\t\t\t<span class=\"overlay\"><\/span><img loading=\"lazy\" decoding=\"async\" width=\"300\" height=\"213\" src=\"https:\/\/www.motelcerrobravo.com\/wp-content\/uploads\/2021\/09\/x_TES4603-300x213.jpg\" class=\"attachment-medium size-medium wp-post-image\" alt=\"\" srcset=\"https:\/\/www.motelcerrobravo.com\/wp-content\/uploads\/2021\/09\/x_TES4603-300x213.jpg 300w, https:\/\/www.motelcerrobravo.com\/wp-content\/uploads\/2021\/09\/x_TES4603-1024x726.jpg 1024w, https:\/\/www.motelcerrobravo.com\/wp-content\/uploads\/2021\/09\/x_TES4603-768x544.jpg 768w, https:\/\/www.motelcerrobravo.com\/wp-content\/uploads\/2021\/09\/x_TES4603-1536x1089.jpg 1536w, https:\/\/www.motelcerrobravo.com\/wp-content\/uploads\/2021\/09\/x_TES4603-1x1.jpg 1w, https:\/\/www.motelcerrobravo.com\/wp-content\/uploads\/2021\/09\/x_TES4603.jpg 1600w\" sizes=\"(max-width: 300px) 100vw, 300px\" \/>\t\t\t\t\t\t<\/a>\r\n\t\t\t\t\t\t\t\t\t\t\r\n\t\t\t\t\t\t\t\t\t\t\r\n                <\/div>            \r\n           \t\t  <div class=\"clear\"><\/div>\r\n              <\/li>\r\n                    \r\n        \t  <li class=\" box gallery-item  motel\">\r\n                <div class=\"pic_hover\">\r\n                \t\t\t\t\t\t\t\t\t\t\t\t<a class=\"image image-popup-gallery\" href=\"https:\/\/www.motelcerrobravo.com\/wp-content\/uploads\/2021\/09\/x_TES4602.jpg\" title=\"Conjunto Motel 3 CERRO BRAVO\">\r\n\t\t\t\t\t\t\t<span class=\"overlay\"><\/span><img loading=\"lazy\" decoding=\"async\" width=\"300\" height=\"103\" src=\"https:\/\/www.motelcerrobravo.com\/wp-content\/uploads\/2021\/09\/x_TES4602-300x103.jpg\" class=\"attachment-medium size-medium wp-post-image\" alt=\"\" srcset=\"https:\/\/www.motelcerrobravo.com\/wp-content\/uploads\/2021\/09\/x_TES4602-300x103.jpg 300w, https:\/\/www.motelcerrobravo.com\/wp-content\/uploads\/2021\/09\/x_TES4602-1024x352.jpg 1024w, https:\/\/www.motelcerrobravo.com\/wp-content\/uploads\/2021\/09\/x_TES4602-768x264.jpg 768w, https:\/\/www.motelcerrobravo.com\/wp-content\/uploads\/2021\/09\/x_TES4602-1536x529.jpg 1536w, https:\/\/www.motelcerrobravo.com\/wp-content\/uploads\/2021\/09\/x_TES4602-2048x705.jpg 2048w, https:\/\/www.motelcerrobravo.com\/wp-content\/uploads\/2021\/09\/x_TES4602-3x1.jpg 3w\" sizes=\"(max-width: 300px) 100vw, 300px\" \/>\t\t\t\t\t\t<\/a>\r\n\t\t\t\t\t\t\t\t\t\t\r\n\t\t\t\t\t\t\t\t\t\t\r\n                <\/div>            \r\n           \t\t  <div class=\"clear\"><\/div>\r\n              <\/li>\r\n                    \r\n        \t  <li class=\" box gallery-item  motel\">\r\n                <div class=\"pic_hover\">\r\n                \t\t\t\t\t\t\t\t\t\t\t\t<a class=\"image image-popup-gallery\" href=\"https:\/\/www.motelcerrobravo.com\/wp-content\/uploads\/2021\/09\/x_TES4601.jpg\" title=\"Conjunto Motel 2 CERRO BRAVO\">\r\n\t\t\t\t\t\t\t<span class=\"overlay\"><\/span><img loading=\"lazy\" decoding=\"async\" width=\"300\" height=\"91\" src=\"https:\/\/www.motelcerrobravo.com\/wp-content\/uploads\/2021\/09\/x_TES4601-300x91.jpg\" class=\"attachment-medium size-medium wp-post-image\" alt=\"\" srcset=\"https:\/\/www.motelcerrobravo.com\/wp-content\/uploads\/2021\/09\/x_TES4601-300x91.jpg 300w, https:\/\/www.motelcerrobravo.com\/wp-content\/uploads\/2021\/09\/x_TES4601-1024x310.jpg 1024w, https:\/\/www.motelcerrobravo.com\/wp-content\/uploads\/2021\/09\/x_TES4601-768x232.jpg 768w, https:\/\/www.motelcerrobravo.com\/wp-content\/uploads\/2021\/09\/x_TES4601-1536x465.jpg 1536w, https:\/\/www.motelcerrobravo.com\/wp-content\/uploads\/2021\/09\/x_TES4601-3x1.jpg 3w, https:\/\/www.motelcerrobravo.com\/wp-content\/uploads\/2021\/09\/x_TES4601.jpg 2000w\" sizes=\"(max-width: 300px) 100vw, 300px\" \/>\t\t\t\t\t\t<\/a>\r\n\t\t\t\t\t\t\t\t\t\t\r\n\t\t\t\t\t\t\t\t\t\t\r\n                <\/div>            \r\n           \t\t  <div class=\"clear\"><\/div>\r\n              <\/li>\r\n                    \r\n        \t  <li class=\" box gallery-item  master\">\r\n                <div class=\"pic_hover\">\r\n                \t\t\t\t\t\t\t\t\t\t\t\t<a class=\"image image-popup-gallery\" href=\"https:\/\/www.motelcerrobravo.com\/wp-content\/uploads\/2021\/09\/x_TES4494.jpg\" title=\"Jacuzzy MASTER 2c\">\r\n\t\t\t\t\t\t\t<span class=\"overlay\"><\/span><img loading=\"lazy\" decoding=\"async\" width=\"300\" height=\"170\" src=\"https:\/\/www.motelcerrobravo.com\/wp-content\/uploads\/2021\/09\/x_TES4494-300x170.jpg\" class=\"attachment-medium size-medium wp-post-image\" alt=\"\" srcset=\"https:\/\/www.motelcerrobravo.com\/wp-content\/uploads\/2021\/09\/x_TES4494-300x170.jpg 300w, https:\/\/www.motelcerrobravo.com\/wp-content\/uploads\/2021\/09\/x_TES4494-1024x580.jpg 1024w, https:\/\/www.motelcerrobravo.com\/wp-content\/uploads\/2021\/09\/x_TES4494-768x435.jpg 768w, https:\/\/www.motelcerrobravo.com\/wp-content\/uploads\/2021\/09\/x_TES4494-1536x870.jpg 1536w, https:\/\/www.motelcerrobravo.com\/wp-content\/uploads\/2021\/09\/x_TES4494-2x1.jpg 2w, https:\/\/www.motelcerrobravo.com\/wp-content\/uploads\/2021\/09\/x_TES4494.jpg 1600w\" sizes=\"(max-width: 300px) 100vw, 300px\" \/>\t\t\t\t\t\t<\/a>\r\n\t\t\t\t\t\t\t\t\t\t\r\n\t\t\t\t\t\t\t\t\t\t\r\n                <\/div>            \r\n           \t\t  <div class=\"clear\"><\/div>\r\n              <\/li>\r\n                    \r\n        \t  <li class=\" box gallery-item  master\">\r\n                <div class=\"pic_hover\">\r\n                \t\t\t\t\t\t\t\t\t\t\t\t<a class=\"image image-popup-gallery\" href=\"https:\/\/www.motelcerrobravo.com\/wp-content\/uploads\/2021\/09\/x_TES4495.jpg\" title=\"Jacuzzy MASTER 2b\">\r\n\t\t\t\t\t\t\t<span class=\"overlay\"><\/span><img loading=\"lazy\" decoding=\"async\" width=\"300\" height=\"137\" src=\"https:\/\/www.motelcerrobravo.com\/wp-content\/uploads\/2021\/09\/x_TES4495-300x137.jpg\" class=\"attachment-medium size-medium wp-post-image\" alt=\"\" srcset=\"https:\/\/www.motelcerrobravo.com\/wp-content\/uploads\/2021\/09\/x_TES4495-300x137.jpg 300w, https:\/\/www.motelcerrobravo.com\/wp-content\/uploads\/2021\/09\/x_TES4495-1024x467.jpg 1024w, https:\/\/www.motelcerrobravo.com\/wp-content\/uploads\/2021\/09\/x_TES4495-768x350.jpg 768w, https:\/\/www.motelcerrobravo.com\/wp-content\/uploads\/2021\/09\/x_TES4495-1536x701.jpg 1536w, https:\/\/www.motelcerrobravo.com\/wp-content\/uploads\/2021\/09\/x_TES4495-2x1.jpg 2w, https:\/\/www.motelcerrobravo.com\/wp-content\/uploads\/2021\/09\/x_TES4495.jpg 1600w\" sizes=\"(max-width: 300px) 100vw, 300px\" \/>\t\t\t\t\t\t<\/a>\r\n\t\t\t\t\t\t\t\t\t\t\r\n\t\t\t\t\t\t\t\t\t\t\r\n                <\/div>            \r\n           \t\t  <div class=\"clear\"><\/div>\r\n              <\/li>\r\n                    \r\n        \t  <li class=\" box gallery-item  master\">\r\n                <div class=\"pic_hover\">\r\n                \t\t\t\t\t\t\t\t\t\t\t\t<a class=\"image image-popup-gallery\" href=\"https:\/\/www.motelcerrobravo.com\/wp-content\/uploads\/2021\/09\/x_TES4493.jpg\" title=\"Jacuzzy MASTER 2a\">\r\n\t\t\t\t\t\t\t<span class=\"overlay\"><\/span><img loading=\"lazy\" decoding=\"async\" width=\"300\" height=\"300\" src=\"https:\/\/www.motelcerrobravo.com\/wp-content\/uploads\/2021\/09\/x_TES4493-300x300.jpg\" class=\"attachment-medium size-medium wp-post-image\" alt=\"\" srcset=\"https:\/\/www.motelcerrobravo.com\/wp-content\/uploads\/2021\/09\/x_TES4493-300x300.jpg 300w, https:\/\/www.motelcerrobravo.com\/wp-content\/uploads\/2021\/09\/x_TES4493-1024x1020.jpg 1024w, https:\/\/www.motelcerrobravo.com\/wp-content\/uploads\/2021\/09\/x_TES4493-150x150.jpg 150w, https:\/\/www.motelcerrobravo.com\/wp-content\/uploads\/2021\/09\/x_TES4493-768x765.jpg 768w, https:\/\/www.motelcerrobravo.com\/wp-content\/uploads\/2021\/09\/x_TES4493-480x480.jpg 480w, https:\/\/www.motelcerrobravo.com\/wp-content\/uploads\/2021\/09\/x_TES4493-1x1.jpg 1w, https:\/\/www.motelcerrobravo.com\/wp-content\/uploads\/2021\/09\/x_TES4493.jpg 1400w\" sizes=\"(max-width: 300px) 100vw, 300px\" \/>\t\t\t\t\t\t<\/a>\r\n\t\t\t\t\t\t\t\t\t\t\r\n\t\t\t\t\t\t\t\t\t\t\r\n                <\/div>            \r\n           \t\t  <div class=\"clear\"><\/div>\r\n              <\/li>\r\n                    \r\n        \t  <li class=\" box gallery-item  master\">\r\n                <div class=\"pic_hover\">\r\n                \t\t\t\t\t\t\t\t\t\t\t\t<a class=\"image image-popup-gallery\" href=\"https:\/\/www.motelcerrobravo.com\/wp-content\/uploads\/2021\/09\/x_TES4512.jpg\" title=\"Jacuzzy MASTER 1b\">\r\n\t\t\t\t\t\t\t<span class=\"overlay\"><\/span><img loading=\"lazy\" decoding=\"async\" width=\"268\" height=\"300\" src=\"https:\/\/www.motelcerrobravo.com\/wp-content\/uploads\/2021\/09\/x_TES4512-268x300.jpg\" class=\"attachment-medium size-medium wp-post-image\" alt=\"\" srcset=\"https:\/\/www.motelcerrobravo.com\/wp-content\/uploads\/2021\/09\/x_TES4512-268x300.jpg 268w, https:\/\/www.motelcerrobravo.com\/wp-content\/uploads\/2021\/09\/x_TES4512-915x1024.jpg 915w, https:\/\/www.motelcerrobravo.com\/wp-content\/uploads\/2021\/09\/x_TES4512-768x860.jpg 768w, https:\/\/www.motelcerrobravo.com\/wp-content\/uploads\/2021\/09\/x_TES4512-1x1.jpg 1w, https:\/\/www.motelcerrobravo.com\/wp-content\/uploads\/2021\/09\/x_TES4512.jpg 1044w\" sizes=\"(max-width: 268px) 100vw, 268px\" \/>\t\t\t\t\t\t<\/a>\r\n\t\t\t\t\t\t\t\t\t\t\r\n\t\t\t\t\t\t\t\t\t\t\r\n                <\/div>            \r\n           \t\t  <div class=\"clear\"><\/div>\r\n              <\/li>\r\n                    \r\n        \t  <li class=\" box gallery-item  master\">\r\n                <div class=\"pic_hover\">\r\n                \t\t\t\t\t\t\t\t\t\t\t\t<a class=\"image image-popup-gallery\" href=\"https:\/\/www.motelcerrobravo.com\/wp-content\/uploads\/2021\/09\/x_TES4510.jpg\" title=\"Jacuzzy MASTER 1a\">\r\n\t\t\t\t\t\t\t<span class=\"overlay\"><\/span><img loading=\"lazy\" decoding=\"async\" width=\"227\" height=\"300\" src=\"https:\/\/www.motelcerrobravo.com\/wp-content\/uploads\/2021\/09\/x_TES4510-227x300.jpg\" class=\"attachment-medium size-medium wp-post-image\" alt=\"\" srcset=\"https:\/\/www.motelcerrobravo.com\/wp-content\/uploads\/2021\/09\/x_TES4510-227x300.jpg 227w, https:\/\/www.motelcerrobravo.com\/wp-content\/uploads\/2021\/09\/x_TES4510-774x1024.jpg 774w, https:\/\/www.motelcerrobravo.com\/wp-content\/uploads\/2021\/09\/x_TES4510-768x1016.jpg 768w, https:\/\/www.motelcerrobravo.com\/wp-content\/uploads\/2021\/09\/x_TES4510-1x1.jpg 1w, https:\/\/www.motelcerrobravo.com\/wp-content\/uploads\/2021\/09\/x_TES4510.jpg 1000w\" sizes=\"(max-width: 227px) 100vw, 227px\" \/>\t\t\t\t\t\t<\/a>\r\n\t\t\t\t\t\t\t\t\t\t\r\n\t\t\t\t\t\t\t\t\t\t\r\n                <\/div>            \r\n           \t\t  <div class=\"clear\"><\/div>\r\n              <\/li>\r\n                    \r\n        \t  <li class=\" box gallery-item  master\">\r\n                <div class=\"pic_hover\">\r\n                \t\t\t\t\t\t\t\t\t\t\t\t<a class=\"image image-popup-gallery\" href=\"https:\/\/www.motelcerrobravo.com\/wp-content\/uploads\/2021\/09\/x_TES4511.jpg\" title=\"Jacuzzy MASTER 1c\">\r\n\t\t\t\t\t\t\t<span class=\"overlay\"><\/span><img loading=\"lazy\" decoding=\"async\" width=\"300\" height=\"206\" src=\"https:\/\/www.motelcerrobravo.com\/wp-content\/uploads\/2021\/09\/x_TES4511-300x206.jpg\" class=\"attachment-medium size-medium wp-post-image\" alt=\"\" srcset=\"https:\/\/www.motelcerrobravo.com\/wp-content\/uploads\/2021\/09\/x_TES4511-300x206.jpg 300w, https:\/\/www.motelcerrobravo.com\/wp-content\/uploads\/2021\/09\/x_TES4511-1024x704.jpg 1024w, https:\/\/www.motelcerrobravo.com\/wp-content\/uploads\/2021\/09\/x_TES4511-768x528.jpg 768w, https:\/\/www.motelcerrobravo.com\/wp-content\/uploads\/2021\/09\/x_TES4511-1536x1056.jpg 1536w, https:\/\/www.motelcerrobravo.com\/wp-content\/uploads\/2021\/09\/x_TES4511-1x1.jpg 1w, https:\/\/www.motelcerrobravo.com\/wp-content\/uploads\/2021\/09\/x_TES4511.jpg 1600w\" sizes=\"(max-width: 300px) 100vw, 300px\" \/>\t\t\t\t\t\t<\/a>\r\n\t\t\t\t\t\t\t\t\t\t\r\n\t\t\t\t\t\t\t\t\t\t\r\n                <\/div>            \r\n           \t\t  <div class=\"clear\"><\/div>\r\n              <\/li>\r\n                    \r\n        \t  <li class=\" box gallery-item  master\">\r\n                <div class=\"pic_hover\">\r\n                \t\t\t\t\t\t\t\t\t\t\t\t<a class=\"image image-popup-gallery\" href=\"https:\/\/www.motelcerrobravo.com\/wp-content\/uploads\/2021\/09\/x_TES4501.jpg\" title=\"Jacuzzy MASTER 3c\">\r\n\t\t\t\t\t\t\t<span class=\"overlay\"><\/span><img loading=\"lazy\" decoding=\"async\" width=\"300\" height=\"170\" src=\"https:\/\/www.motelcerrobravo.com\/wp-content\/uploads\/2021\/09\/x_TES4501-300x170.jpg\" class=\"attachment-medium size-medium wp-post-image\" alt=\"\" srcset=\"https:\/\/www.motelcerrobravo.com\/wp-content\/uploads\/2021\/09\/x_TES4501-300x170.jpg 300w, https:\/\/www.motelcerrobravo.com\/wp-content\/uploads\/2021\/09\/x_TES4501-1024x580.jpg 1024w, https:\/\/www.motelcerrobravo.com\/wp-content\/uploads\/2021\/09\/x_TES4501-768x435.jpg 768w, https:\/\/www.motelcerrobravo.com\/wp-content\/uploads\/2021\/09\/x_TES4501-1536x870.jpg 1536w, https:\/\/www.motelcerrobravo.com\/wp-content\/uploads\/2021\/09\/x_TES4501-2x1.jpg 2w, https:\/\/www.motelcerrobravo.com\/wp-content\/uploads\/2021\/09\/x_TES4501.jpg 1600w\" sizes=\"(max-width: 300px) 100vw, 300px\" \/>\t\t\t\t\t\t<\/a>\r\n\t\t\t\t\t\t\t\t\t\t\r\n\t\t\t\t\t\t\t\t\t\t\r\n                <\/div>            \r\n           \t\t  <div class=\"clear\"><\/div>\r\n              <\/li>\r\n                    \r\n        \t  <li class=\" box gallery-item  master\">\r\n                <div class=\"pic_hover\">\r\n                \t\t\t\t\t\t\t\t\t\t\t\t<a class=\"image image-popup-gallery\" href=\"https:\/\/www.motelcerrobravo.com\/wp-content\/uploads\/2021\/09\/x_TES4500.jpg\" title=\"Jacuzzy MASTER 3b\">\r\n\t\t\t\t\t\t\t<span class=\"overlay\"><\/span><img loading=\"lazy\" decoding=\"async\" width=\"300\" height=\"152\" src=\"https:\/\/www.motelcerrobravo.com\/wp-content\/uploads\/2021\/09\/x_TES4500-300x152.jpg\" class=\"attachment-medium size-medium wp-post-image\" alt=\"\" srcset=\"https:\/\/www.motelcerrobravo.com\/wp-content\/uploads\/2021\/09\/x_TES4500-300x152.jpg 300w, https:\/\/www.motelcerrobravo.com\/wp-content\/uploads\/2021\/09\/x_TES4500-1024x520.jpg 1024w, https:\/\/www.motelcerrobravo.com\/wp-content\/uploads\/2021\/09\/x_TES4500-768x390.jpg 768w, https:\/\/www.motelcerrobravo.com\/wp-content\/uploads\/2021\/09\/x_TES4500-1536x780.jpg 1536w, https:\/\/www.motelcerrobravo.com\/wp-content\/uploads\/2021\/09\/x_TES4500-2x1.jpg 2w, https:\/\/www.motelcerrobravo.com\/wp-content\/uploads\/2021\/09\/x_TES4500.jpg 1600w\" sizes=\"(max-width: 300px) 100vw, 300px\" \/>\t\t\t\t\t\t<\/a>\r\n\t\t\t\t\t\t\t\t\t\t\r\n\t\t\t\t\t\t\t\t\t\t\r\n                <\/div>            \r\n           \t\t  <div class=\"clear\"><\/div>\r\n              <\/li>\r\n               \t\r\n        <\/ul>\r\n\t\t<\/div>\r\n  \t\t<div class=\"clearfix\"><\/div>\r\n\t<\/p>\n<div>\n<div>\n<div><div class=\"col-md-12\"><div class=\"de_divider div-dotted\"><span><\/span><\/div><\/div><\/div>\n<div><div class=\"col-md-12\"><div class=\"de_divider none\"><span><\/span><\/div><\/div><\/div>\n<\/div>\n<\/div>\n<h3 class=\"de_title\"><span>NUESTROS SERVICIOS EN CADA CABA\u00d1A<\/span><\/h3>\n<div class=\"col-md-12\"><div class=\"de_divider none\"><span><\/span><\/div><\/div>\n<div class=\"col-md-3\"> <div class=\"featured\"><h4 class=\"f_title\">Abierto 24 horas \/ 7 Dias<\/h4><img decoding=\"async\" src=\"http:\/\/www.motelcerrobravo.com\/wp-content\/uploads\/2019\/02\/Atenci\u00f3n-24-7.png\" class=\"img-responsive\"><\/div> <\/div>\n<div class=\"col-md-3\"> <div class=\"featured\"><h4 class=\"f_title\">Atenci\u00f3n por Citofono<\/h4><img decoding=\"async\" src=\"http:\/\/www.motelcerrobravo.com\/wp-content\/uploads\/2019\/02\/Servico-Citofono.png\" class=\"img-responsive\"><\/div> <\/div>\n<div class=\"col-md-3\"> <div class=\"featured\"><h4 class=\"f_title\">Alimentos y Licores<\/h4><img decoding=\"async\" src=\"http:\/\/www.motelcerrobravo.com\/wp-content\/uploads\/2019\/02\/Alimentos-Bebidas.png\" class=\"img-responsive\"><\/div> <\/div>\n<div class=\"col-md-3\"> <div class=\"featured\"><h4 class=\"f_title\">Decoraci\u00f3n D\u00edas Especiales<\/h4><img decoding=\"async\" src=\"http:\/\/www.motelcerrobravo.com\/wp-content\/uploads\/2019\/02\/Decorachon-fechas-especiales.png\" class=\"img-responsive\"><\/div> <\/div>\n<div class=\"col-md-12\"><div class=\"de_divider none\"><span><\/span><\/div><\/div>\n<div class=\"col-md-3\"> <div class=\"featured\"><h4 class=\"f_title\">Caba\u00f1as Individuales<\/h4><img decoding=\"async\" src=\"http:\/\/www.motelcerrobravo.com\/wp-content\/uploads\/2019\/02\/Caba\u00f1as-Individuales.png\" class=\"img-responsive\"><\/div> <\/div>\n<div class=\"col-md-3\"> <div class=\"featured\"><h4 class=\"f_title\">Parqueadero<\/h4><img decoding=\"async\" src=\"http:\/\/www.motelcerrobravo.com\/wp-content\/uploads\/2019\/02\/Parqueadero.png\" class=\"img-responsive\"><\/div> <\/div>\n<div class=\"col-md-3\"> <div class=\"featured\"><h4 class=\"f_title\">Port\u00f3n El\u00e9ctrico<\/h4><img decoding=\"async\" src=\"http:\/\/www.motelcerrobravo.com\/wp-content\/uploads\/2019\/02\/Porton-Electrico.png\" class=\"img-responsive\"><\/div> <\/div>\n<div class=\"col-md-3\"> <div class=\"featured\"><h4 class=\"f_title\"><\/h4><\/div> <\/div>\n<div class=\"col-md-12\"><div class=\"de_divider none\"><span><\/span><\/div><\/div>\n<div class=\"col-md-3\"> <div class=\"featured\"><h4 class=\"f_title\">TV &#8211; 4 Canales Cine X<\/h4><img decoding=\"async\" src=\"http:\/\/www.motelcerrobravo.com\/wp-content\/uploads\/2019\/02\/TV-4-canales-x.png\" class=\"img-responsive\"><\/div> <\/div>\n<div class=\"col-md-3\"> <div class=\"featured\"><h4 class=\"f_title\">Emisora Local<\/h4><img decoding=\"async\" src=\"http:\/\/www.motelcerrobravo.com\/wp-content\/uploads\/2019\/02\/Emisora-Local.png\" class=\"img-responsive\"><\/div> <\/div>\n<div class=\"col-md-3\"> <div class=\"featured\"><h4 class=\"f_title\">Equipo de Sonido<\/h4><img decoding=\"async\" src=\"http:\/\/www.motelcerrobravo.com\/wp-content\/uploads\/2019\/02\/Equipo-Sonido.png\" class=\"img-responsive\"><\/div> <\/div>\n<div class=\"col-md-3\"> <div class=\"featured\"><h4 class=\"f_title\">Wi\u2013 Fi<\/h4><img decoding=\"async\" src=\"http:\/\/www.motelcerrobravo.com\/wp-content\/uploads\/2019\/02\/Atenci\u00f3n-24-7.png\" class=\"img-responsive\"><\/div> <\/div>\n<div class=\"col-md-12\"><div class=\"de_divider none\"><span><\/span><\/div><\/div>\n<div class=\"col-md-3\"> <div class=\"featured\"><h4 class=\"f_title\">Aire Acondicionado<\/h4><img decoding=\"async\" src=\"http:\/\/www.motelcerrobravo.com\/wp-content\/uploads\/2019\/02\/Aire-Acondicionado.png\" class=\"img-responsive\"><\/div> <\/div>\n<div class=\"col-md-3\"> <div class=\"featured\"><h4 class=\"f_title\">Ventilador<\/h4><img decoding=\"async\" src=\"http:\/\/www.motelcerrobravo.com\/wp-content\/uploads\/2019\/02\/Ventilador.png\" class=\"img-responsive\"><\/div> <\/div>\n<div class=\"col-md-3\"> <div class=\"featured\"><h4 class=\"f_title\">Jacuzzi<\/h4><img decoding=\"async\" src=\"http:\/\/www.motelcerrobravo.com\/wp-content\/uploads\/2019\/02\/Jacuzzi.png\" class=\"img-responsive\"><\/div> <\/div>\n<div class=\"col-md-3\"> <div class=\"featured\"><h4 class=\"f_title\">Ducha<\/h4><img decoding=\"async\" src=\"http:\/\/www.motelcerrobravo.com\/wp-content\/uploads\/2019\/02\/Ducha.png\" class=\"img-responsive\"><\/div> <\/div>\n<div class=\"col-md-12\"><div class=\"de_divider none\"><span><\/span><\/div><\/div>\n<\/div>\n<div class=\"col-md-3\"> <div class=\"featured\"><h4 class=\"f_title\">Hamaca<\/h4><img decoding=\"async\" src=\"http:\/\/www.motelcerrobravo.com\/wp-content\/uploads\/2019\/02\/Hamaca.png\" class=\"img-responsive\"><\/div> <\/div>\n<div class=\"col-md-3\"> <div class=\"featured\"><h4 class=\"f_title\">Kamazutra<\/h4><img decoding=\"async\" src=\"http:\/\/www.motelcerrobravo.com\/wp-content\/uploads\/2019\/02\/Kamasutra.png\" class=\"img-responsive\"><\/div> <\/div>\n<div class=\"col-md-3\"> <div class=\"featured\"><h4 class=\"f_title\">Sala de Estar<\/h4><img decoding=\"async\" src=\"http:\/\/www.motelcerrobravo.com\/wp-content\/uploads\/2019\/02\/Sala-Estar.png\" class=\"img-responsive\"><\/div> <\/div>\n<div class=\"col-md-3\"> <div class=\"featured\"><h4 class=\"f_title\"><\/h4><\/div> <\/div>\n<div class=\"col-md-12\"><div class=\"de_divider none\"><span><\/span><\/div><\/div>\n","protected":false},"excerpt":{"rendered":"","protected":false},"author":1,"featured_media":0,"parent":0,"menu_order":0,"comment_status":"closed","ping_status":"closed","template":"page_slider_revolution_content.php","meta":{"_monsterinsights_skip_tracking":false,"_monsterinsights_sitenote_active":false,"_monsterinsights_sitenote_note":"","_monsterinsights_sitenote_category":0,"footnotes":""},"aioseo_notices":[],"_links":{"self":[{"href":"https:\/\/www.motelcerrobravo.com\/index.php?rest_route=\/wp\/v2\/pages\/406"}],"collection":[{"href":"https:\/\/www.motelcerrobravo.com\/index.php?rest_route=\/wp\/v2\/pages"}],"about":[{"href":"https:\/\/www.motelcerrobravo.com\/index.php?rest_route=\/wp\/v2\/types\/page"}],"author":[{"embeddable":true,"href":"https:\/\/www.motelcerrobravo.com\/index.php?rest_route=\/wp\/v2\/users\/1"}],"replies":[{"embeddable":true,"href":"https:\/\/www.motelcerrobravo.com\/index.php?rest_route=%2Fwp%2Fv2%2Fcomments&post=406"}],"version-history":[{"count":4,"href":"https:\/\/www.motelcerrobravo.com\/index.php?rest_route=\/wp\/v2\/pages\/406\/revisions"}],"predecessor-version":[{"id":1334,"href":"https:\/\/www.motelcerrobravo.com\/index.php?rest_route=\/wp\/v2\/pages\/406\/revisions\/1334"}],"wp:attachment":[{"href":"https:\/\/www.motelcerrobravo.com\/index.php?rest_route=%2Fwp%2Fv2%2Fmedia&parent=406"}],"curies":[{"name":"wp","href":"https:\/\/api.w.org\/{rel}","templated":true}]}}